{"id":248394,"date":"2026-01-15T15:51:20","date_gmt":"2026-01-15T13:51:20","guid":{"rendered":"https:\/\/www.evidian.com\/cybersecurity-made-in-europe-label\/"},"modified":"2026-01-29T12:29:31","modified_gmt":"2026-01-29T10:29:31","slug":"cybersecurity-made-in-europe-label","status":"publish","type":"page","link":"https:\/\/www.evidian.com\/fr\/cybersecurity-made-in-europe-label\/","title":{"rendered":"Label Cybersecurity Made In Europe"},"content":{"rendered":"<div id=\"pl-248394\"  class=\"panel-layout\" ><div id=\"pg-248394-0\"  class=\"panel-grid panel-has-style\" ><div class=\"panel-row-style panel-row-style-for-248394-0\" ><div id=\"pgc-248394-0-0\"  class=\"panel-grid-cell\" ><div id=\"panel-248394-0-0-0\" class=\"so-panel widget widget_sow-hero panel-first-child panel-last-child\" data-index=\"0\" ><div class=\"siteorigin-hero-height-300px panel-widget-style panel-widget-style-for-248394-0-0-0\" ><div\n\t\t\t\n\t\t\tclass=\"so-widget-sow-hero so-widget-sow-hero-default-3c2cf2b90afd-248394\"\n\t\t\t\n\t\t>\t\t\t\t<div class=\"sow-slider-base\" style=\"display: none\" tabindex=\"0\">\n\t\t\t\t\t<ul\n\t\t\t\t\tclass=\"sow-slider-images\"\n\t\t\t\t\tdata-settings=\"{&quot;pagination&quot;:true,&quot;speed&quot;:1000,&quot;timeout&quot;:3000,&quot;paused&quot;:false,&quot;pause_on_hover&quot;:true,&quot;swipe&quot;:true,&quot;nav_always_show_desktop&quot;:&quot;&quot;,&quot;nav_always_show_mobile&quot;:&quot;&quot;,&quot;breakpoint&quot;:&quot;780px&quot;,&quot;unmute&quot;:false,&quot;anchor&quot;:null}\"\n\t\t\t\t\tstyle=\"min-height: 300px\"\t\t\t\t\tdata-anchor-id=\"\"\n\t\t\t\t>\t\t<li class=\"sow-slider-image  sow-slider-image-cover\" style=\"visibility: visible;;background-color: #333333;background-image: url(https:\/\/www.evidian.com\/wp-content\/uploads\/2026\/01\/Europe-Earth-1280-with-label-logo-2-1-scaled.jpg)\" >\n\t\t\t\t\t<div class=\"sow-slider-image-container\">\n\t\t\t<div class=\"sow-slider-image-wrapper\">\n\t\t\t\t<div style=\"padding-left: 30px;padding-right: 30px\">\n<h1 style=\"color: white;text-align: center\"><span style=\"color: #ffffff\">Cybersecurity Made In Europe<\/span><\/h1>\n<h2 style=\"color: white;text-align: center\"><span style=\"color: #ffffff\">Evidian re\u00e7oit le label 2026<\/span><\/h2>\n<\/div>\t\t\t<\/div>\n\t\t<\/div>\n\t\t\t\t<\/li>\n\t\t<\/ul>\t\t\t\t<ol class=\"sow-slider-pagination\">\n\t\t\t\t\t\t\t\t\t\t\t<li><a href=\"#\" data-goto=\"0\" aria-label=\"Display slide 1\"><\/a><\/li>\n\t\t\t\t\t\t\t\t\t<\/ol>\n\n\t\t\t\t<div class=\"sow-slide-nav sow-slide-nav-next\">\n\t\t\t\t\t<a href=\"#\" data-goto=\"next\" aria-label=\"Next slide\" data-action=\"next\">\n\t\t\t\t\t\t<em class=\"sow-sld-icon-thin-right\"><\/em>\n\t\t\t\t\t<\/a>\n\t\t\t\t<\/div>\n\n\t\t\t\t<div class=\"sow-slide-nav sow-slide-nav-prev\">\n\t\t\t\t\t<a href=\"#\" data-goto=\"previous\" aria-label=\"Previous slide\" data-action=\"prev\">\n\t\t\t\t\t\t<em class=\"sow-sld-icon-thin-left\"><\/em>\n\t\t\t\t\t<\/a>\n\t\t\t\t<\/div>\n\t\t\t\t<\/div><\/div><\/div><\/div><\/div><\/div><\/div><div id=\"pg-248394-1\"  class=\"panel-grid panel-has-style\" ><div class=\"panel-row-style panel-row-style-for-248394-1\" ><div id=\"pgc-248394-1-0\"  class=\"panel-grid-cell\" ><div id=\"panel-248394-1-0-0\" class=\"so-panel widget widget_sow-editor panel-first-child panel-last-child\" data-index=\"1\" ><div\n\t\t\t\n\t\t\tclass=\"so-widget-sow-editor so-widget-sow-editor-base\"\n\t\t\t\n\t\t>\n<div class=\"siteorigin-widget-tinymce textwidget\">\n\t<p>&nbsp;<\/p>\n<p>Le label \u201c<a href=\"https:\/\/www.cybersecurity-label.eu\/\"><strong>Cybersecurity Made In Europe<\/strong><\/a>\u201d a \u00e9t\u00e9 cr\u00e9\u00e9 dans le but de sensibiliser le public \u00e0 la valeur des entreprises de cybers\u00e9curit\u00e9 originaires d'Europe et d\u00e9veloppant leurs activit\u00e9s sur la base de valeurs europ\u00e9ennes fiables.<\/p>\n<p>D'un point de vue plus strat\u00e9gique, le label contribue \u00e0 renforcer l'autonomie num\u00e9rique de l'Europe en faisant de la cybers\u00e9curit\u00e9 un mod\u00e8le d'excellence dans la cha\u00eene de valeur num\u00e9rique europ\u00e9enne gr\u00e2ce \u00e0 la promotion des entreprises europ\u00e9ennes du secteur.<\/p>\n<p>Il a \u00e9t\u00e9 lanc\u00e9 par l'Organisation europ\u00e9enne de cybers\u00e9curit\u00e9 (ECSO) dans le cadre de sa longue s\u00e9rie d'initiatives visant \u00e0 renforcer l'acc\u00e8s au march\u00e9 europ\u00e9en de la cybers\u00e9curit\u00e9.<\/p>\n<p>En 2026, Evidian a obtenu ce label pour sa suite IAM.<\/p>\n<p>&nbsp;<\/p>\n<\/div>\n<\/div><\/div><\/div><div id=\"pgc-248394-1-1\"  class=\"panel-grid-cell\" ><div id=\"panel-248394-1-1-0\" class=\"so-panel widget widget_sow-image panel-first-child panel-last-child\" data-index=\"2\" ><div\n\t\t\t\n\t\t\tclass=\"so-widget-sow-image so-widget-sow-image-default-8b5b6f678277-248394\"\n\t\t\t\n\t\t>\n<div class=\"sow-image-container\">\n\t\t<img \n\tsrc=\"https:\/\/www.evidian.com\/wp-content\/smush-webp\/2026\/01\/Made-In-Europe-Label.png.webp\" width=\"600\" height=\"141\" srcset=\"https:\/\/www.evidian.com\/wp-content\/smush-webp\/2026\/01\/Made-In-Europe-Label.png.webp 1200w, https:\/\/www.evidian.com\/wp-content\/smush-webp\/2026\/01\/Made-In-Europe-Label-300x70.png.webp 300w, https:\/\/www.evidian.com\/wp-content\/smush-webp\/2026\/01\/Made-In-Europe-Label-1024x240.png.webp 1024w, https:\/\/www.evidian.com\/wp-content\/smush-webp\/2026\/01\/Made-In-Europe-Label-768x180.png.webp 768w\" sizes=\"(max-width: 600px) 100vw, 600px\" title=\"Made In Europe Label\" alt=\"\" \t\tclass=\"so-widget-image\"\/>\n\t<\/div>\n\n<\/div><\/div><\/div><\/div><\/div><div id=\"pg-248394-2\"  class=\"panel-grid panel-has-style\" ><div class=\"panel-row-style panel-row-style-for-248394-2\" ><div id=\"pgc-248394-2-0\"  class=\"panel-grid-cell\" ><div id=\"panel-248394-2-0-0\" class=\"so-panel widget widget_sow-image panel-first-child panel-last-child\" data-index=\"3\" ><div\n\t\t\t\n\t\t\tclass=\"so-widget-sow-image so-widget-sow-image-default-c67d20f9f743-248394\"\n\t\t\t\n\t\t>\n<div class=\"sow-image-container\">\n\t\t<img \n\tsrc=\"https:\/\/www.evidian.com\/wp-content\/smush-webp\/2026\/01\/Certificate-LCMIE-EVIDIAN-13.01.2026-1.jpg.webp\" width=\"500\" height=\"500\" srcset=\"https:\/\/www.evidian.com\/wp-content\/smush-webp\/2026\/01\/Certificate-LCMIE-EVIDIAN-13.01.2026-1.jpg.webp 837w, https:\/\/www.evidian.com\/wp-content\/smush-webp\/2026\/01\/Certificate-LCMIE-EVIDIAN-13.01.2026-1-206x300.jpg.webp 206w, https:\/\/www.evidian.com\/wp-content\/smush-webp\/2026\/01\/Certificate-LCMIE-EVIDIAN-13.01.2026-1-705x1024.jpg.webp 705w, https:\/\/www.evidian.com\/wp-content\/smush-webp\/2026\/01\/Certificate-LCMIE-EVIDIAN-13.01.2026-1-768x1116.jpg.webp 768w\" sizes=\"(max-width: 344px) 100vw, 344px\" title=\"Certificate- LCMIE - EVIDIAN - 13.01.2026\" alt=\"\" \t\tclass=\"so-widget-image\"\/>\n\t<\/div>\n\n<\/div><\/div><\/div><\/div><\/div><\/div>","protected":false},"excerpt":{"rendered":"&nbsp; Le label \u201cCybersecurity Made In Europe\u201d a \u00e9t\u00e9 cr\u00e9\u00e9 dans le but de sensibiliser le public \u00e0 la valeur des entreprises de cybers\u00e9curit\u00e9 originaires d'Europe et d\u00e9veloppant leurs activit\u00e9s sur la base de valeurs europ\u00e9ennes fiables. D'un point de vue plus strat\u00e9gique, le label contribue \u00e0 renforcer l'autonomie num\u00e9rique de l'Europe en faisant de [&hellip;]","protected":false},"author":66,"featured_media":0,"parent":0,"menu_order":0,"comment_status":"closed","ping_status":"closed","template":"","meta":{"_acf_changed":false,"_lmt_disableupdate":"no","_lmt_disable":"","footnotes":""},"class_list":["post-248394","page","type-page","status-publish","hentry"],"acf":[],"yoast_head":"<!-- This site is optimized with the Yoast SEO Premium plugin v27.3 (Yoast SEO v27.3) - https:\/\/yoast.com\/product\/yoast-seo-premium-wordpress\/ -->\n<title>Label Cybersecurity Made In Europe - Evidian<\/title>\n<meta name=\"description\" content=\"Le label a \u00e9t\u00e9 cr\u00e9\u00e9 dans le but de sensibiliser le public \u00e0 la valeur des entreprises de cybers\u00e9curit\u00e9 originaires d&#039;Europe.\" \/>\n<meta name=\"robots\" content=\"index, follow, max-snippet:-1, max-image-preview:large, max-video-preview:-1\" \/>\n<link rel=\"canonical\" href=\"https:\/\/www.evidian.com\/fr\/cybersecurity-made-in-europe-label\/\" \/>\n<meta property=\"og:locale\" content=\"fr_FR\" \/>\n<meta property=\"og:type\" content=\"article\" \/>\n<meta property=\"og:title\" content=\"Label Cybersecurity Made In Europe\" \/>\n<meta property=\"og:description\" content=\"Le label a \u00e9t\u00e9 cr\u00e9\u00e9 dans le but de sensibiliser le public \u00e0 la valeur des entreprises de cybers\u00e9curit\u00e9 originaires d&#039;Europe.\" \/>\n<meta property=\"og:url\" content=\"https:\/\/www.evidian.com\/fr\/cybersecurity-made-in-europe-label\/\" \/>\n<meta property=\"og:site_name\" content=\"Evidian\" \/>\n<meta property=\"article:modified_time\" content=\"2026-01-29T10:29:31+00:00\" \/>\n<meta name=\"twitter:label1\" content=\"Dur\u00e9e de lecture estim\u00e9e\" \/>\n\t<meta name=\"twitter:data1\" content=\"1 minute\" \/>\n<script type=\"application\/ld+json\" class=\"yoast-schema-graph\">{\"@context\":\"https:\\\/\\\/schema.org\",\"@graph\":[{\"@type\":\"TechArticle\",\"@id\":\"https:\\\/\\\/www.evidian.com\\\/fr\\\/cybersecurity-made-in-europe-label\\\/#article\",\"isPartOf\":{\"@id\":\"https:\\\/\\\/www.evidian.com\\\/fr\\\/cybersecurity-made-in-europe-label\\\/\"},\"author\":{\"name\":\"Maxime Karcenty\",\"@id\":\"https:\\\/\\\/www.evidian.com\\\/fr\\\/#\\\/schema\\\/person\\\/c4d544425cd01af84b8928a7fd392908\"},\"headline\":\"Label Cybersecurity Made In Europe\",\"datePublished\":\"2026-01-15T13:51:20+00:00\",\"dateModified\":\"2026-01-29T10:29:31+00:00\",\"mainEntityOfPage\":{\"@id\":\"https:\\\/\\\/www.evidian.com\\\/fr\\\/cybersecurity-made-in-europe-label\\\/\"},\"wordCount\":170,\"publisher\":{\"@id\":\"https:\\\/\\\/www.evidian.com\\\/fr\\\/#organization\"},\"inLanguage\":\"fr-FR\"},{\"@type\":\"WebPage\",\"@id\":\"https:\\\/\\\/www.evidian.com\\\/fr\\\/cybersecurity-made-in-europe-label\\\/\",\"url\":\"https:\\\/\\\/www.evidian.com\\\/fr\\\/cybersecurity-made-in-europe-label\\\/\",\"name\":\"Label Cybersecurity Made In Europe - Evidian\",\"isPartOf\":{\"@id\":\"https:\\\/\\\/www.evidian.com\\\/fr\\\/#website\"},\"datePublished\":\"2026-01-15T13:51:20+00:00\",\"dateModified\":\"2026-01-29T10:29:31+00:00\",\"description\":\"Le label a \u00e9t\u00e9 cr\u00e9\u00e9 dans le but de sensibiliser le public \u00e0 la valeur des entreprises de cybers\u00e9curit\u00e9 originaires d'Europe.\",\"breadcrumb\":{\"@id\":\"https:\\\/\\\/www.evidian.com\\\/fr\\\/cybersecurity-made-in-europe-label\\\/#breadcrumb\"},\"inLanguage\":\"fr-FR\",\"potentialAction\":[{\"@type\":\"ReadAction\",\"target\":[\"https:\\\/\\\/www.evidian.com\\\/fr\\\/cybersecurity-made-in-europe-label\\\/\"]}]},{\"@type\":\"BreadcrumbList\",\"@id\":\"https:\\\/\\\/www.evidian.com\\\/fr\\\/cybersecurity-made-in-europe-label\\\/#breadcrumb\",\"itemListElement\":[{\"@type\":\"ListItem\",\"position\":1,\"name\":\"Evidian\",\"item\":\"https:\\\/\\\/www.evidian.com\\\/fr\\\/\"},{\"@type\":\"ListItem\",\"position\":2,\"name\":\"Label Cybersecurity Made In Europe\"}]},{\"@type\":\"WebSite\",\"@id\":\"https:\\\/\\\/www.evidian.com\\\/fr\\\/#website\",\"url\":\"https:\\\/\\\/www.evidian.com\\\/fr\\\/\",\"name\":\"Evidian\",\"description\":\"Set in menu above: SEO\\\/SEO Settings\\\/Title &amp; Metas\\\/Home\",\"publisher\":{\"@id\":\"https:\\\/\\\/www.evidian.com\\\/fr\\\/#organization\"},\"potentialAction\":[{\"@type\":\"SearchAction\",\"target\":{\"@type\":\"EntryPoint\",\"urlTemplate\":\"https:\\\/\\\/www.evidian.com\\\/fr\\\/?s={search_term_string}\"},\"query-input\":{\"@type\":\"PropertyValueSpecification\",\"valueRequired\":true,\"valueName\":\"search_term_string\"}}],\"inLanguage\":\"fr-FR\"},{\"@type\":\"Organization\",\"@id\":\"https:\\\/\\\/www.evidian.com\\\/fr\\\/#organization\",\"name\":\"Evidian\",\"alternateName\":\"Evidian\",\"url\":\"https:\\\/\\\/www.evidian.com\\\/fr\\\/\",\"logo\":{\"@type\":\"ImageObject\",\"inLanguage\":\"fr-FR\",\"@id\":\"https:\\\/\\\/www.evidian.com\\\/fr\\\/#\\\/schema\\\/logo\\\/image\\\/\",\"url\":\"https:\\\/\\\/www.evidian.com\\\/wp-content\\\/uploads\\\/2024\\\/01\\\/evidian-new-blue-1.png\",\"contentUrl\":\"https:\\\/\\\/www.evidian.com\\\/wp-content\\\/uploads\\\/2024\\\/01\\\/evidian-new-blue-1.png\",\"width\":734,\"height\":200,\"caption\":\"Evidian\"},\"image\":{\"@id\":\"https:\\\/\\\/www.evidian.com\\\/fr\\\/#\\\/schema\\\/logo\\\/image\\\/\"},\"sameAs\":[\"https:\\\/\\\/www.linkedin.com\\\/showcase\\\/eviden-cybersecurity\\\/\",\"https:\\\/\\\/www.youtube.com\\\/channel\\\/UCJKPuw2SDVNYUjZEJyLbIAA\"]},{\"@type\":\"Person\",\"@id\":\"https:\\\/\\\/www.evidian.com\\\/fr\\\/#\\\/schema\\\/person\\\/c4d544425cd01af84b8928a7fd392908\",\"name\":\"Maxime Karcenty\",\"pronouns\":\"he\\\/him\",\"description\":\"Maxime Karcenty is an IAM and cybersecurity specialist with 8 years of experience in identity and access management. He works on IAM solution demonstrations, product and marketing content creation, website and digital content management, market analysis, and promoting the adoption of enterprise-grade security solutions.\",\"sameAs\":[\"https:\\\/\\\/www.linkedin.com\\\/in\\\/maxime-karcenty-498bab107\",\"https:\\\/\\\/www.youtube.com\\\/user\\\/EvidianVideos\"],\"honorificPrefix\":\"Mr\",\"honorificSuffix\":\"MSc\",\"birthDate\":\"1993-03-23\",\"gender\":\"male\",\"award\":[\"Cybersecurity Made In Europe Label 2026\",\"France Cybersecurity Label 2023\",\"2024\",\"2025\"],\"knowsAbout\":[\"Cybersecurity\",\"Identity and Access Management (IAM)\",\"Access Control\",\"Identity Governance\",\"Analytics\"],\"knowsLanguage\":[\"English\",\"French\"],\"jobTitle\":\"Product Marketing Manager\",\"worksFor\":\"Evidian\",\"url\":\"https:\\\/\\\/www.evidian.com\\\/fr\\\/author\\\/maxime-karcenty\\\/\"}]}<\/script>\n<!-- \/ Yoast SEO Premium plugin. -->","yoast_head_json":{"title":"Label Cybersecurity Made In Europe - Evidian","description":"Le label a \u00e9t\u00e9 cr\u00e9\u00e9 dans le but de sensibiliser le public \u00e0 la valeur des entreprises de cybers\u00e9curit\u00e9 originaires d'Europe.","robots":{"index":"index","follow":"follow","max-snippet":"max-snippet:-1","max-image-preview":"max-image-preview:large","max-video-preview":"max-video-preview:-1"},"canonical":"https:\/\/www.evidian.com\/fr\/cybersecurity-made-in-europe-label\/","og_locale":"fr_FR","og_type":"article","og_title":"Label Cybersecurity Made In Europe","og_description":"Le label a \u00e9t\u00e9 cr\u00e9\u00e9 dans le but de sensibiliser le public \u00e0 la valeur des entreprises de cybers\u00e9curit\u00e9 originaires d'Europe.","og_url":"https:\/\/www.evidian.com\/fr\/cybersecurity-made-in-europe-label\/","og_site_name":"Evidian","article_modified_time":"2026-01-29T10:29:31+00:00","twitter_misc":{"Dur\u00e9e de lecture estim\u00e9e":"1 minute"},"schema":{"@context":"https:\/\/schema.org","@graph":[{"@type":"TechArticle","@id":"https:\/\/www.evidian.com\/fr\/cybersecurity-made-in-europe-label\/#article","isPartOf":{"@id":"https:\/\/www.evidian.com\/fr\/cybersecurity-made-in-europe-label\/"},"author":{"name":"Maxime Karcenty","@id":"https:\/\/www.evidian.com\/fr\/#\/schema\/person\/c4d544425cd01af84b8928a7fd392908"},"headline":"Label Cybersecurity Made In Europe","datePublished":"2026-01-15T13:51:20+00:00","dateModified":"2026-01-29T10:29:31+00:00","mainEntityOfPage":{"@id":"https:\/\/www.evidian.com\/fr\/cybersecurity-made-in-europe-label\/"},"wordCount":170,"publisher":{"@id":"https:\/\/www.evidian.com\/fr\/#organization"},"inLanguage":"fr-FR"},{"@type":"WebPage","@id":"https:\/\/www.evidian.com\/fr\/cybersecurity-made-in-europe-label\/","url":"https:\/\/www.evidian.com\/fr\/cybersecurity-made-in-europe-label\/","name":"Label Cybersecurity Made In Europe - Evidian","isPartOf":{"@id":"https:\/\/www.evidian.com\/fr\/#website"},"datePublished":"2026-01-15T13:51:20+00:00","dateModified":"2026-01-29T10:29:31+00:00","description":"Le label a \u00e9t\u00e9 cr\u00e9\u00e9 dans le but de sensibiliser le public \u00e0 la valeur des entreprises de cybers\u00e9curit\u00e9 originaires d'Europe.","breadcrumb":{"@id":"https:\/\/www.evidian.com\/fr\/cybersecurity-made-in-europe-label\/#breadcrumb"},"inLanguage":"fr-FR","potentialAction":[{"@type":"ReadAction","target":["https:\/\/www.evidian.com\/fr\/cybersecurity-made-in-europe-label\/"]}]},{"@type":"BreadcrumbList","@id":"https:\/\/www.evidian.com\/fr\/cybersecurity-made-in-europe-label\/#breadcrumb","itemListElement":[{"@type":"ListItem","position":1,"name":"Evidian","item":"https:\/\/www.evidian.com\/fr\/"},{"@type":"ListItem","position":2,"name":"Label Cybersecurity Made In Europe"}]},{"@type":"WebSite","@id":"https:\/\/www.evidian.com\/fr\/#website","url":"https:\/\/www.evidian.com\/fr\/","name":"Evidian","description":"Set in menu above: SEO\/SEO Settings\/Title &amp; Metas\/Home","publisher":{"@id":"https:\/\/www.evidian.com\/fr\/#organization"},"potentialAction":[{"@type":"SearchAction","target":{"@type":"EntryPoint","urlTemplate":"https:\/\/www.evidian.com\/fr\/?s={search_term_string}"},"query-input":{"@type":"PropertyValueSpecification","valueRequired":true,"valueName":"search_term_string"}}],"inLanguage":"fr-FR"},{"@type":"Organization","@id":"https:\/\/www.evidian.com\/fr\/#organization","name":"Evidian","alternateName":"Evidian","url":"https:\/\/www.evidian.com\/fr\/","logo":{"@type":"ImageObject","inLanguage":"fr-FR","@id":"https:\/\/www.evidian.com\/fr\/#\/schema\/logo\/image\/","url":"https:\/\/www.evidian.com\/wp-content\/uploads\/2024\/01\/evidian-new-blue-1.png","contentUrl":"https:\/\/www.evidian.com\/wp-content\/uploads\/2024\/01\/evidian-new-blue-1.png","width":734,"height":200,"caption":"Evidian"},"image":{"@id":"https:\/\/www.evidian.com\/fr\/#\/schema\/logo\/image\/"},"sameAs":["https:\/\/www.linkedin.com\/showcase\/eviden-cybersecurity\/","https:\/\/www.youtube.com\/channel\/UCJKPuw2SDVNYUjZEJyLbIAA"]},{"@type":"Person","@id":"https:\/\/www.evidian.com\/fr\/#\/schema\/person\/c4d544425cd01af84b8928a7fd392908","name":"Maxime Karcenty","pronouns":"he\/him","description":"Maxime Karcenty is an IAM and cybersecurity specialist with 8 years of experience in identity and access management. He works on IAM solution demonstrations, product and marketing content creation, website and digital content management, market analysis, and promoting the adoption of enterprise-grade security solutions.","sameAs":["https:\/\/www.linkedin.com\/in\/maxime-karcenty-498bab107","https:\/\/www.youtube.com\/user\/EvidianVideos"],"honorificPrefix":"Mr","honorificSuffix":"MSc","birthDate":"1993-03-23","gender":"male","award":["Cybersecurity Made In Europe Label 2026","France Cybersecurity Label 2023","2024","2025"],"knowsAbout":["Cybersecurity","Identity and Access Management (IAM)","Access Control","Identity Governance","Analytics"],"knowsLanguage":["English","French"],"jobTitle":"Product Marketing Manager","worksFor":"Evidian","url":"https:\/\/www.evidian.com\/fr\/author\/maxime-karcenty\/"}]}},"_links":{"self":[{"href":"https:\/\/www.evidian.com\/fr\/wp-json\/wp\/v2\/pages\/248394","targetHints":{"allow":["GET"]}}],"collection":[{"href":"https:\/\/www.evidian.com\/fr\/wp-json\/wp\/v2\/pages"}],"about":[{"href":"https:\/\/www.evidian.com\/fr\/wp-json\/wp\/v2\/types\/page"}],"author":[{"embeddable":true,"href":"https:\/\/www.evidian.com\/fr\/wp-json\/wp\/v2\/users\/66"}],"replies":[{"embeddable":true,"href":"https:\/\/www.evidian.com\/fr\/wp-json\/wp\/v2\/comments?post=248394"}],"version-history":[{"count":0,"href":"https:\/\/www.evidian.com\/fr\/wp-json\/wp\/v2\/pages\/248394\/revisions"}],"wp:attachment":[{"href":"https:\/\/www.evidian.com\/fr\/wp-json\/wp\/v2\/media?parent=248394"}],"curies":[{"name":"wp","href":"https:\/\/api.w.org\/{rel}","templated":true}]}}